{"id":1127,"date":"2017-04-10T13:02:49","date_gmt":"2017-04-10T13:02:49","guid":{"rendered":"http:\/\/www.nicdarkthemes.com\/themes\/charity\/wp\/demo\/charity\/?page_id=8"},"modified":"2022-04-14T11:49:44","modified_gmt":"2022-04-14T14:49:44","slug":"o-que-fazemos","status":"publish","type":"page","link":"https:\/\/projetotupiaba.com.br\/?page_id=1127","title":{"rendered":"O que fazemos"},"content":{"rendered":"<div class=\"wpb-content-wrapper\"><p>[vc_row][vc_column width=&#8221;1\/6&#8243; css=&#8221;.vc_custom_1467360650255{margin-top: 10px !important;margin-bottom: 10px !important;padding-top: 0px !important;padding-right: 40px !important;}&#8221;][\/vc_column][vc_column width=&#8221;2\/3&#8243;]<div style=\"background-color:;height: 10px\" class=\"nicdark_section  \"><\/div> <h1 style=\"color:#224c26;padding:px;text-align:center;font-size:20px;line-height:30px;letter-spacing: px;font-weight:bold\" class=\"  nd_options_text_align_center_responsive_important nd_options_first_font \">Os nossos projetos com Povos Origin\u00e1rios s\u00e3o circularidades educativas fundamentadas em metodologias participativas realizadas por professores e estudantes universit\u00e1rios que almejam construir experi\u00eancias culturais e cosmol\u00f3gicas com estas comunidades. Os participantes s\u00e3o membros do N\u00facleo de Ensino Pesquisa e Extens\u00e3o em Experi\u00eancia do Sens\u00edvel (NUPEEES) e do Grupo de Estudos e Pesquisa em Imagem, Tecnologia e Inf\u00e2ncias da UFES. Nossos estudos e pesquisas nas comunidades e nos territ\u00f3rios origin\u00e1rios s\u00e3o realizados com consultas pr\u00e9vias realizadas a partir do aceite destes povos cumprindo os protocolos de consentimento livre e esclarecido. Entre nossas identidades e subjetividades de pesquisas est\u00e3o a forma\u00e7\u00e3o de professores ind\u00edgenas e quilombolas no entrelace de di\u00e1logo com as inf\u00e2ncias e adolesc\u00eancias, integrando as etnoforma\u00e7\u00f5es aos c\u00edrculos civilizat\u00f3rios de conhecimentos desses povos e suas refer\u00eancias t\u00eam nos inspirado a uma escuta sens\u00edvel dos conhecimentos milenares herdados das gera\u00e7\u00f5es passadas em espa\u00e7os escolares de Educa\u00e7\u00e3o Ind\u00edgena e Quilombolas.<\/h1> [\/vc_column][vc_column width=&#8221;1\/6&#8243;][\/vc_column][\/vc_row][vc_row css=&#8221;.vc_custom_1645115604296{padding-top: 10% !important;}&#8221;][vc_column][vc_row_inner][vc_column_inner width=&#8221;1\/2&#8243;][vc_column_text el_class=&#8221;nd_options_text_align_center_responsive&#8221;]O objetivo deste coletivo <strong>\u00e9 conhecer <\/strong>as est\u00e9ticas de conhecimentos art\u00edsticos, educativos e culturais dos povos ind\u00edgenas Patax\u00f3 e Payaya (Bahia), Tupiniquim e Guarani do Espirito Santo e povos do rio Guajar\u00e1, povos da \u201c\u00e1gua grande\u201d da regi\u00e3o Transxingu na Amaz\u00f4nia Paraense. A arquitetura da nossa \u00a0proposta consiste em aprender em situa\u00e7\u00e3o e em atos educativos as cosmologias destes povos\u00a0 por pesquisas etnogr\u00e1ficas, \u00a0integrados a roda de conversas, terreiros l\u00fadicos com as crian\u00e7as, c\u00edrculos de saberes liter\u00e1rios ind\u00edgenas, \u00a0conhecendo as \u00a0identidades na especificidade de suas culturas (hist\u00f3rias, l\u00ednguas e culturas liter\u00e1rias nativas), manifestas em suas representa\u00e7\u00f5es de mundo, construindo alian\u00e7as na firma\u00e7\u00e3o destes projetos orientados por afirma\u00e7\u00f5es identit\u00e1rias destes povos em seus direitos de exist\u00eancia e resist\u00eancia.[\/vc_column_text][\/vc_column_inner][vc_column_inner width=&#8221;1\/2&#8243;][vc_column_text]Os projetos e experi\u00eancias com crian\u00e7as e professores ind\u00edgenas, s\u00e3o realizados desde 2005, ininterruptamente, incluindo o tempo de pandemia. A cria\u00e7\u00e3o desta plataforma online tem como prop\u00f3sito compilar os saberes e experi\u00eancias memor\u00e1veis dos povos floresta nas circularidades das suas autorias culturais.<\/p>\n<p>A exposi\u00e7\u00e3o de fragmentos dos projetos Origin\u00e1rios neste espa\u00e7o virtual vivenciados com as comunidades ind\u00edgenas possibilita um despertar identit\u00e1rio do p\u00fablico que acessam os nossos conte\u00fados de conhecimentos das culturas destes povos, associados a perten\u00e7a a seus territ\u00f3rios vinculados aos ciclos da m\u00e3e natureza em suas sabedorias e aberturas a espiritualidade da mata e das florestas.<\/p>\n<p><strong>Sejam bem-vindos aos c\u00edrculos de saberes de conhecimentos Tupiab\u00e1.<\/strong><\/p>\n<p>Awer\u00e9![\/vc_column_text][\/vc_column_inner][\/vc_row_inner][\/vc_column][\/vc_row][vc_row full_height=&#8221;yes&#8221; columns_placement=&#8221;top&#8221; equal_height=&#8221;yes&#8221; content_placement=&#8221;top&#8221; css=&#8221;.vc_custom_1644418955923{padding-top: 10% !important;}&#8221;][vc_column][vc_row_inner][vc_column_inner] <h3 style=\"color:#af1613;padding:px;text-align:center;font-size:42px;line-height:52px;letter-spacing: px;font-weight:bold\" class=\"    \">Participa\u00e7\u00e3o e eventos<\/h3> [\/vc_column_inner][\/vc_row_inner][vc_row_inner equal_height=&#8221;yes&#8221; content_placement=&#8221;top&#8221; css=&#8221;.vc_custom_1645658431660{padding-top: 10% !important;}&#8221;][vc_column_inner width=&#8221;1\/5&#8243;]\n\n  <div class=\"  nd_options_section nd_options_position_relative nd_options_fadein_fadeout nd_options_overflow_hidden\">    \n\n    <img decoding=\"async\" alt=\"\" class=\"nd_options_section nd_options_zoom_image\" src=\"https:\/\/projetotupiaba.com.br\/wp-content\/uploads\/2022\/02\/ciranda-redes-13-1024x1024.jpg\">\n\n    <!--filter-->\n    <div class=\"nd_options_fadeout nd_options_bg_greydark_alpha_2_2 nd_options_position_absolute nd_options_height_100_percentage nd_options_width_100_percentage\">  \n    <\/div>\n    <!--end filter-->\n\n    <!--start content-->\n    <div class=\"nd_options_fadein nd_options_bg_greydark_alpha_5 nd_options_position_absolute nd_options_height_100_percentage nd_options_width_100_percentage\">\n        <div class=\"nd_options_position_absolute nd_options_display_table nd_options_height_100_percentage nd_options_width_100_percentage\">\n            <div class=\"nd_options_display_table_cell nd_options_vertical_align_middle nd_options_text_align_center\">\n                <h3 style=\"color:#fff;font-size:17px;line-height:17px\" class=\"\"><\/h3>\n                <div class=\"nd_options_section nd_options_height_20\"><\/div>\n                <div class=\"nd_options_mpopup_gallery\"><a style=\"font-size:15px;line-height:15px;color:#fff\" class=\" nd_options_outline_0  nd_options_mpopup_gallery\" href=\"https:\/\/projetotupiaba.com.br\/wp-content\/uploads\/2022\/02\/ciranda-redes-13-1024x1024.jpg\"><\/a><\/div>\n            <\/div>   \n        <\/div>   \n    <\/div>\n    <!--end content-->\n\n<\/div>\n\n   [\/vc_column_inner][vc_column_inner width=&#8221;1\/5&#8243;]\n\n  <div class=\"  nd_options_section nd_options_position_relative nd_options_fadein_fadeout nd_options_overflow_hidden\">    \n\n    <img decoding=\"async\" alt=\"\" class=\"nd_options_section nd_options_zoom_image\" src=\"https:\/\/projetotupiaba.com.br\/wp-content\/uploads\/2022\/02\/vermelho-Uruku?-copy.png\">\n\n    <!--filter-->\n    <div class=\"nd_options_fadeout nd_options_bg_greydark_alpha_2_2 nd_options_position_absolute nd_options_height_100_percentage nd_options_width_100_percentage\">  \n    <\/div>\n    <!--end filter-->\n\n    <!--start content-->\n    <div class=\"nd_options_fadein nd_options_bg_greydark_alpha_5 nd_options_position_absolute nd_options_height_100_percentage nd_options_width_100_percentage\">\n        <div class=\"nd_options_position_absolute nd_options_display_table nd_options_height_100_percentage nd_options_width_100_percentage\">\n            <div class=\"nd_options_display_table_cell nd_options_vertical_align_middle nd_options_text_align_center\">\n                <h3 style=\"color:#fff;font-size:17px;line-height:17px\" class=\"\"><\/h3>\n                <div class=\"nd_options_section nd_options_height_20\"><\/div>\n                <div class=\"nd_options_mpopup_gallery\"><a style=\"font-size:15px;line-height:15px;color:#fff\" class=\" nd_options_outline_0  nd_options_mpopup_gallery\" href=\"https:\/\/projetotupiaba.com.br\/wp-content\/uploads\/2022\/02\/vermelho-Uruku?-copy.png\"><\/a><\/div>\n            <\/div>   \n        <\/div>   \n    <\/div>\n    <!--end content-->\n\n<\/div>\n\n   [\/vc_column_inner][vc_column_inner width=&#8221;1\/5&#8243;]\n\n  <div class=\"  nd_options_section nd_options_position_relative nd_options_fadein_fadeout nd_options_overflow_hidden\">    \n\n    <img decoding=\"async\" alt=\"\" class=\"nd_options_section nd_options_zoom_image\" src=\"https:\/\/projetotupiaba.com.br\/wp-content\/uploads\/2022\/02\/cartaz-flix-copy-1024x1024.jpg\">\n\n    <!--filter-->\n    <div class=\"nd_options_fadeout nd_options_bg_greydark_alpha_2_2 nd_options_position_absolute nd_options_height_100_percentage nd_options_width_100_percentage\">  \n    <\/div>\n    <!--end filter-->\n\n    <!--start content-->\n    <div class=\"nd_options_fadein nd_options_bg_greydark_alpha_5 nd_options_position_absolute nd_options_height_100_percentage nd_options_width_100_percentage\">\n        <div class=\"nd_options_position_absolute nd_options_display_table nd_options_height_100_percentage nd_options_width_100_percentage\">\n            <div class=\"nd_options_display_table_cell nd_options_vertical_align_middle nd_options_text_align_center\">\n                <h3 style=\"color:#fff;font-size:17px;line-height:17px\" class=\"\"><\/h3>\n                <div class=\"nd_options_section nd_options_height_20\"><\/div>\n                <div class=\"nd_options_mpopup_gallery\"><a style=\"font-size:15px;line-height:15px;color:#fff\" class=\" nd_options_outline_0  nd_options_mpopup_gallery\" href=\"https:\/\/projetotupiaba.com.br\/wp-content\/uploads\/2022\/02\/cartaz-flix-copy-1024x1024.jpg\"><\/a><\/div>\n            <\/div>   \n        <\/div>   \n    <\/div>\n    <!--end content-->\n\n<\/div>\n\n   [\/vc_column_inner][vc_column_inner width=&#8221;1\/5&#8243;]\n\n  <div class=\"  nd_options_section nd_options_position_relative nd_options_fadein_fadeout nd_options_overflow_hidden\">    \n\n    <img decoding=\"async\" alt=\"\" class=\"nd_options_section nd_options_zoom_image\" src=\"https:\/\/projetotupiaba.com.br\/wp-content\/uploads\/2022\/02\/mostra-literaria-1024x1024.png\">\n\n    <!--filter-->\n    <div class=\"nd_options_fadeout nd_options_bg_greydark_alpha_2_2 nd_options_position_absolute nd_options_height_100_percentage nd_options_width_100_percentage\">  \n    <\/div>\n    <!--end filter-->\n\n    <!--start content-->\n    <div class=\"nd_options_fadein nd_options_bg_greydark_alpha_5 nd_options_position_absolute nd_options_height_100_percentage nd_options_width_100_percentage\">\n        <div class=\"nd_options_position_absolute nd_options_display_table nd_options_height_100_percentage nd_options_width_100_percentage\">\n            <div class=\"nd_options_display_table_cell nd_options_vertical_align_middle nd_options_text_align_center\">\n                <h3 style=\"color:#fff;font-size:17px;line-height:17px\" class=\"\"><\/h3>\n                <div class=\"nd_options_section nd_options_height_20\"><\/div>\n                <div class=\"nd_options_mpopup_gallery\"><a style=\"font-size:15px;line-height:15px;color:#fff\" class=\" nd_options_outline_0  nd_options_mpopup_gallery\" href=\"https:\/\/projetotupiaba.com.br\/wp-content\/uploads\/2022\/02\/mostra-literaria-1024x1024.png\"><\/a><\/div>\n            <\/div>   \n        <\/div>   \n    <\/div>\n    <!--end content-->\n\n<\/div>\n\n   [\/vc_column_inner][vc_column_inner width=&#8221;1\/5&#8243;]\n\n  <div class=\"  nd_options_section nd_options_position_relative nd_options_fadein_fadeout nd_options_overflow_hidden\">    \n\n    <img decoding=\"async\" alt=\"\" class=\"nd_options_section nd_options_zoom_image\" src=\"https:\/\/projetotupiaba.com.br\/wp-content\/uploads\/2022\/02\/semina?rio-tupiaba?_abre.png\">\n\n    <!--filter-->\n    <div class=\"nd_options_fadeout nd_options_bg_greydark_alpha_2_2 nd_options_position_absolute nd_options_height_100_percentage nd_options_width_100_percentage\">  \n    <\/div>\n    <!--end filter-->\n\n    <!--start content-->\n    <div class=\"nd_options_fadein nd_options_bg_greydark_alpha_5 nd_options_position_absolute nd_options_height_100_percentage nd_options_width_100_percentage\">\n        <div class=\"nd_options_position_absolute nd_options_display_table nd_options_height_100_percentage nd_options_width_100_percentage\">\n            <div class=\"nd_options_display_table_cell nd_options_vertical_align_middle nd_options_text_align_center\">\n                <h3 style=\"color:#fff;font-size:17px;line-height:17px\" class=\"\"><\/h3>\n                <div class=\"nd_options_section nd_options_height_20\"><\/div>\n                <div class=\"nd_options_mpopup_gallery\"><a style=\"font-size:15px;line-height:15px;color:#fff\" class=\" nd_options_outline_0  nd_options_mpopup_gallery\" href=\"https:\/\/projetotupiaba.com.br\/wp-content\/uploads\/2022\/02\/semina?rio-tupiaba?_abre.png\"><\/a><\/div>\n            <\/div>   \n        <\/div>   \n    <\/div>\n    <!--end content-->\n\n<\/div>\n\n   [\/vc_column_inner][\/vc_row_inner][\/vc_column][\/vc_row]<\/p>\n<\/div>","protected":false},"excerpt":{"rendered":"<p>[vc_row][vc_column width=&#8221;1\/6&#8243; css=&#8221;.vc_custom_1467360650255{margin-top: 10px !important;margin-bottom: 10px !important;padding-top: 0px !important;padding-right: 40px !important;}&#8221;][\/vc_column][vc_column width=&#8221;2\/3&#8243;][\/vc_column][vc_column width=&#8221;1\/6&#8243;][\/vc_column][\/vc_row][vc_row css=&#8221;.vc_custom_1645115604296{padding-top: 10% !important;}&#8221;][vc_column][vc_row_inner][vc_column_inner width=&#8221;1\/2&#8243;][vc_column_text el_class=&#8221;nd_options_text_align_center_responsive&#8221;]O objetivo deste coletivo \u00e9 conhecer as est\u00e9ticas de conhecimentos art\u00edsticos, educativos e culturais dos povos ind\u00edgenas Patax\u00f3 e Payaya (Bahia), Tupiniquim e Guarani do Espirito Santo e povos do rio Guajar\u00e1, povos da \u201c\u00e1gua grande\u201d da regi\u00e3o [&hellip;]<\/p>\n","protected":false},"author":1,"featured_media":0,"parent":0,"menu_order":0,"comment_status":"closed","ping_status":"closed","template":"","meta":{"footnotes":""},"_links":{"self":[{"href":"https:\/\/projetotupiaba.com.br\/index.php?rest_route=\/wp\/v2\/pages\/1127"}],"collection":[{"href":"https:\/\/projetotupiaba.com.br\/index.php?rest_route=\/wp\/v2\/pages"}],"about":[{"href":"https:\/\/projetotupiaba.com.br\/index.php?rest_route=\/wp\/v2\/types\/page"}],"author":[{"embeddable":true,"href":"https:\/\/projetotupiaba.com.br\/index.php?rest_route=\/wp\/v2\/users\/1"}],"replies":[{"embeddable":true,"href":"https:\/\/projetotupiaba.com.br\/index.php?rest_route=%2Fwp%2Fv2%2Fcomments&post=1127"}],"version-history":[{"count":66,"href":"https:\/\/projetotupiaba.com.br\/index.php?rest_route=\/wp\/v2\/pages\/1127\/revisions"}],"predecessor-version":[{"id":1986,"href":"https:\/\/projetotupiaba.com.br\/index.php?rest_route=\/wp\/v2\/pages\/1127\/revisions\/1986"}],"wp:attachment":[{"href":"https:\/\/projetotupiaba.com.br\/index.php?rest_route=%2Fwp%2Fv2%2Fmedia&parent=1127"}],"curies":[{"name":"wp","href":"https:\/\/api.w.org\/{rel}","templated":true}]}}