{"id":12,"date":"2017-04-10T13:03:44","date_gmt":"2017-04-10T13:03:44","guid":{"rendered":"http:\/\/www.nicdarkthemes.com\/themes\/charity\/wp\/demo\/charity\/?page_id=12"},"modified":"2022-04-14T11:55:45","modified_gmt":"2022-04-14T14:55:45","slug":"producoes-academicas","status":"publish","type":"page","link":"https:\/\/projetotupiaba.com.br\/?page_id=12","title":{"rendered":"Produ\u00e7\u00f5es Acad\u00eamicas"},"content":{"rendered":"<div class=\"wpb-content-wrapper\"><p>[vc_row][vc_column width=&#8221;1\/2&#8243; css=&#8221;.vc_custom_1492006907544{padding-right: 0px !important;padding-left: 0px !important;}&#8221;] <h2 style=\"color:#ae2c2c;padding:px;text-align:;font-size:42px;line-height:42px;letter-spacing: px;font-weight:bold\" class=\"    \">Nossas produ\u00e7\u00f5es acad\u00eamicas destacam conhecimentos origin\u00e1rios em diversas publica\u00e7\u00f5es.<\/h2> [\/vc_column][vc_column width=&#8221;1\/2&#8243;][\/vc_column][\/vc_row][vc_row css=&#8221;.vc_custom_1645629283346{padding-top: 10% !important;}&#8221;][vc_column width=&#8221;1\/2&#8243;][vc_column_text]<\/p>\n<h3 style=\"color: #4f3523;\"><a href=\"http:\/\/anais.anped.org.br\/40reuniao\"><strong>ANPED<\/strong><\/a><\/h3>\n<p><strong>Por Cartas: escritas origin\u00e1rias de crian\u00e7as e adolescentes ind\u00edgenas para o mundo em tempo pand\u00eamico.<\/strong><\/p>\n<p>Autores: Marina Rodrigues Miranda, Rafaella Capela Le\u00e3o, F\u00e1bio Guss Strelhow<\/p>\n<p>&nbsp;<\/p>\n<h3 style=\"color: #4f3523;\"><a href=\"https:\/\/grupeci.files.wordpress.com\/2021\/06\/publicacao-aprovados-atualizado.pdf\"><strong>GRUPECI<\/strong><\/a><\/h3>\n<p><strong>Cartas dos Guardi\u00f5es e Guardi\u00e3s da Terra e do C\u00e9u: experi\u00eancias de escritas origin\u00e1rias de crian\u00e7as ind\u00edgenas.<\/strong><\/p>\n<p>Autores: Marina Rodrigues Miranda, Fernanda Monteiro Barreto Camargo, F\u00e1bio Guss Strelhow<\/p>\n<p>&nbsp;<\/p>\n<p><strong>Com Quantos Paus se faz uma Canoa: provoca\u00e7\u00f5es do imagin\u00e1rio da crian\u00e7a a partir de hist\u00f3rias e experi\u00eancias da tradi\u00e7\u00e3o cultural ind\u00edgena.<\/strong><\/p>\n<p>Autores: Martan\u00e9zia Rodrigues Paganini, Nadia Juliana Rodrigues Serafim<\/p>\n<p>&nbsp;<\/p>\n<p><strong>Em Contextos Pand\u00eamicos para al\u00e9m do prescrito: experi\u00eancias sens\u00edveis na forma\u00e7\u00e3o de professores da educa\u00e7\u00e3o do campo em Santa Teresa-ES.<\/strong><\/p>\n<p>Autores: Fernanda Monteiro Barreto Camargo, Marina Rodrigues Miranda , M\u00e1rcia Regina Rodrigues Ferreira<\/p>\n<p>&nbsp;<\/p>\n<p><strong>\u00a0<\/strong>[\/vc_column_text][\/vc_column][vc_column width=&#8221;1\/2&#8243;][vc_column_text]<\/p>\n<h3 style=\"color: #4f3523;\"><a href=\"https:\/\/revistas2.uepg.br\/index.php\/olhardeprofessor\/article\/view\/15947\/209209214440\"><strong>REVISTA OLHAR DO PROFESSOR<\/strong><\/a><\/h3>\n<p>T\u00edtulo: \u00a0Tupiab\u00e1: cartas do mundo para os(as) guardi\u00f5es(\u00e3s) da terra<\/p>\n<p>Autores: Marina Rodrigues Miranda, Fernanda Monteiro Barreto Camargo, F\u00e1bio Guss Strelhow<\/p>\n<p>&nbsp;<\/p>\n<h3 style=\"color: #4f3523;\"><strong><a href=\"https:\/\/periodicos.ufes.br\/kirikere\/article\/view\/32992\">REVISTA KIRIKER\u00ca &#8211; PERI\u00d3DICOS UFES<\/a> <\/strong><\/h3>\n<p>T\u00edtulo: Experi\u00eancias de escrita e escuta liter\u00e1ria na cosmologia ind\u00edgena com crian\u00e7as em diferentes contextos culturais<\/p>\n<p>Marina Rodrigues Miranda, Maria Ang\u00e9lica Vago-Soares[\/vc_column_text][\/vc_column][\/vc_row][vc_row css=&#8221;.vc_custom_1645638298625{padding-top: 10% !important;}&#8221;][vc_column width=&#8221;1\/4&#8243;][vc_single_image image=&#8221;1904&#8243; img_size=&#8221;medium&#8221;][\/vc_column][vc_column width=&#8221;1\/4&#8243;][vc_column_text]<strong>Cap\u00edtulo:<\/strong> Voc\u00ea sabe o que \u00e9 kijemi? O direito da crian\u00e7a ind\u00edgena a uma educa\u00e7\u00e3o escolar diferenciada<\/p>\n<p><strong>Autoras:<\/strong> Marina Rodrigues Miranda, Rafaella Capela Le\u00e3o e N\u00e1dia Juliana Rodrigues Serafim.<\/p>\n<p>[\/vc_column_text][\/vc_column][vc_column width=&#8221;1\/4&#8243;][vc_single_image image=&#8221;1908&#8243; img_size=&#8221;medium&#8221;][\/vc_column][vc_column width=&#8221;1\/4&#8243;][vc_column_text]<strong>Artigo:<\/strong>\u00a0Tempo de Escritas Tupiab\u00e1: troca de experi\u00eancias por cartas com crian\u00e7as ind\u00edgenas<\/p>\n<p><strong>Autoras:<\/strong> Marina Rodrigues Miranda, Celeste Ciccarone e Janaina Pereira da Rosa Ferreira[\/vc_column_text][\/vc_column][\/vc_row]<\/p>\n<\/div>","protected":false},"excerpt":{"rendered":"<p>[vc_row][vc_column width=&#8221;1\/2&#8243; css=&#8221;.vc_custom_1492006907544{padding-right: 0px !important;padding-left: 0px !important;}&#8221;][\/vc_column][vc_column width=&#8221;1\/2&#8243;][\/vc_column][\/vc_row][vc_row css=&#8221;.vc_custom_1645629283346{padding-top: 10% !important;}&#8221;][vc_column width=&#8221;1\/2&#8243;][vc_column_text] ANPED Por Cartas: escritas origin\u00e1rias de crian\u00e7as e adolescentes ind\u00edgenas para o mundo em tempo pand\u00eamico. Autores: Marina Rodrigues Miranda, Rafaella Capela Le\u00e3o, F\u00e1bio Guss Strelhow &nbsp; GRUPECI Cartas dos Guardi\u00f5es e Guardi\u00e3s da Terra e do C\u00e9u: experi\u00eancias de escritas origin\u00e1rias de [&hellip;]<\/p>\n","protected":false},"author":1,"featured_media":0,"parent":0,"menu_order":0,"comment_status":"closed","ping_status":"closed","template":"","meta":{"footnotes":""},"_links":{"self":[{"href":"https:\/\/projetotupiaba.com.br\/index.php?rest_route=\/wp\/v2\/pages\/12"}],"collection":[{"href":"https:\/\/projetotupiaba.com.br\/index.php?rest_route=\/wp\/v2\/pages"}],"about":[{"href":"https:\/\/projetotupiaba.com.br\/index.php?rest_route=\/wp\/v2\/types\/page"}],"author":[{"embeddable":true,"href":"https:\/\/projetotupiaba.com.br\/index.php?rest_route=\/wp\/v2\/users\/1"}],"replies":[{"embeddable":true,"href":"https:\/\/projetotupiaba.com.br\/index.php?rest_route=%2Fwp%2Fv2%2Fcomments&post=12"}],"version-history":[{"count":54,"href":"https:\/\/projetotupiaba.com.br\/index.php?rest_route=\/wp\/v2\/pages\/12\/revisions"}],"predecessor-version":[{"id":1989,"href":"https:\/\/projetotupiaba.com.br\/index.php?rest_route=\/wp\/v2\/pages\/12\/revisions\/1989"}],"wp:attachment":[{"href":"https:\/\/projetotupiaba.com.br\/index.php?rest_route=%2Fwp%2Fv2%2Fmedia&parent=12"}],"curies":[{"name":"wp","href":"https:\/\/api.w.org\/{rel}","templated":true}]}}