{"id":1638,"date":"2021-03-18T16:20:30","date_gmt":"2021-03-18T19:20:30","guid":{"rendered":"http:\/\/projetotupiaba.com.br\/?page_id=1638"},"modified":"2022-04-14T13:35:57","modified_gmt":"2022-04-14T16:35:57","slug":"livros","status":"publish","type":"page","link":"https:\/\/projetotupiaba.com.br\/?page_id=1638","title":{"rendered":"Livros"},"content":{"rendered":"<div class=\"wpb-content-wrapper\"><p>[vc_row full_width=&#8221;stretch_row_content_no_spaces&#8221; full_height=&#8221;yes&#8221; columns_placement=&#8221;top&#8221; css=&#8221;.vc_custom_1649954125772{background-position: center !important;background-repeat: no-repeat !important;background-size: contain !important;}&#8221;][vc_column][vc_row_inner equal_height=&#8221;yes&#8221; content_placement=&#8221;top&#8221; css=&#8221;.vc_custom_1616095365113{padding-right: 10% !important;padding-left: 10% !important;}&#8221;][vc_column_inner css=&#8221;.vc_custom_1616095475263{padding-right: 10% !important;}&#8221;][vc_column_text]<\/p>\n<h1 dir=\"auto\" style=\"text-align: center; font-size: 42px; line-height: 52px;\"><strong>O Projeto Tupiab\u00e1 se enraiza<br \/>\ne brota em obras liter\u00e1rias.<\/strong><\/h1>\n<p>[\/vc_column_text][\/vc_column_inner][\/vc_row_inner][\/vc_column][\/vc_row][vc_row][vc_column width=&#8221;1\/6&#8243;][\/vc_column][vc_column width=&#8221;2\/3&#8243;][vc_video link=&#8221;https:\/\/www.youtube.com\/watch?v=nlpsTJKJzAA&#8221; align=&#8221;center&#8221;][\/vc_column][vc_column width=&#8221;1\/6&#8243;][\/vc_column][\/vc_row][vc_row][vc_column][vc_row_inner][vc_column_inner width=&#8221;1\/3&#8243;]\n\n  <div class=\"  nd_options_section nd_options_position_relative nd_options_fadein_fadeout nd_options_overflow_hidden\">    \n\n    <img decoding=\"async\" alt=\"\" class=\"nd_options_section nd_options_zoom_image\" src=\"https:\/\/projetotupiaba.com.br\/wp-content\/uploads\/2022\/02\/historias-de.jpg\">\n\n    <!--filter-->\n    <div class=\"nd_options_fadeout nd_options_bg_greydark_alpha_2_2 nd_options_position_absolute nd_options_height_100_percentage nd_options_width_100_percentage\">  \n    <\/div>\n    <!--end filter-->\n\n    <!--start content-->\n    <div class=\"nd_options_fadein nd_options_bg_greydark_alpha_5 nd_options_position_absolute nd_options_height_100_percentage nd_options_width_100_percentage\">\n        <div class=\"nd_options_position_absolute nd_options_display_table nd_options_height_100_percentage nd_options_width_100_percentage\">\n            <div class=\"nd_options_display_table_cell nd_options_vertical_align_middle nd_options_text_align_center\">\n                <h3 style=\"color:#fff;font-size:17px;line-height:17px\" class=\"\">Hist\u00f3ria de caba\u00e7a, curupira e caipora (2022)<\/h3>\n                <div class=\"nd_options_section nd_options_height_20\"><\/div>\n                <div class=\"nd_options_mpopup_gallery\"><a style=\"font-size:15px;line-height:15px;color:#fff\" class=\" nd_options_outline_0  nd_options_mpopup_gallery\" href=\"https:\/\/projetotupiaba.com.br\/wp-content\/uploads\/2022\/02\/historias-de.jpg\"><\/a><\/div>\n            <\/div>   \n        <\/div>   \n    <\/div>\n    <!--end content-->\n\n<\/div>\n\n   [\/vc_column_inner][vc_column_inner width=&#8221;1\/3&#8243;]\n\n  <div class=\"  nd_options_section nd_options_position_relative nd_options_fadein_fadeout nd_options_overflow_hidden\">    \n\n    <img decoding=\"async\" alt=\"\" class=\"nd_options_section nd_options_zoom_image\" src=\"https:\/\/projetotupiaba.com.br\/wp-content\/uploads\/2022\/02\/jua?.jpg\">\n\n    <!--filter-->\n    <div class=\"nd_options_fadeout nd_options_bg_greydark_alpha_2_2 nd_options_position_absolute nd_options_height_100_percentage nd_options_width_100_percentage\">  \n    <\/div>\n    <!--end filter-->\n\n    <!--start content-->\n    <div class=\"nd_options_fadein nd_options_bg_greydark_alpha_5 nd_options_position_absolute nd_options_height_100_percentage nd_options_width_100_percentage\">\n        <div class=\"nd_options_position_absolute nd_options_display_table nd_options_height_100_percentage nd_options_width_100_percentage\">\n            <div class=\"nd_options_display_table_cell nd_options_vertical_align_middle nd_options_text_align_center\">\n                <h3 style=\"color:#fff;font-size:17px;line-height:17px\" class=\"\">Ju\u00e1 e o piraqu\u00ea-a\u00e7u do mar<\/h3>\n                <div class=\"nd_options_section nd_options_height_20\"><\/div>\n                <div class=\"nd_options_mpopup_gallery\"><a style=\"font-size:15px;line-height:15px;color:#fff\" class=\" nd_options_outline_0  nd_options_mpopup_gallery\" href=\"https:\/\/projetotupiaba.com.br\/wp-content\/uploads\/2022\/02\/jua?.jpg\"><\/a><\/div>\n            <\/div>   \n        <\/div>   \n    <\/div>\n    <!--end content-->\n\n<\/div>\n\n   [\/vc_column_inner][vc_column_inner width=&#8221;1\/3&#8243;]\n\n  <div class=\"  nd_options_section nd_options_position_relative nd_options_fadein_fadeout nd_options_overflow_hidden\">    \n\n    <img decoding=\"async\" alt=\"\" class=\"nd_options_section nd_options_zoom_image\" src=\"https:\/\/projetotupiaba.com.br\/wp-content\/uploads\/2022\/02\/arana?.jpg\">\n\n    <!--filter-->\n    <div class=\"nd_options_fadeout nd_options_bg_greydark_alpha_2_2 nd_options_position_absolute nd_options_height_100_percentage nd_options_width_100_percentage\">  \n    <\/div>\n    <!--end filter-->\n\n    <!--start content-->\n    <div class=\"nd_options_fadein nd_options_bg_greydark_alpha_5 nd_options_position_absolute nd_options_height_100_percentage nd_options_width_100_percentage\">\n        <div class=\"nd_options_position_absolute nd_options_display_table nd_options_height_100_percentage nd_options_width_100_percentage\">\n            <div class=\"nd_options_display_table_cell nd_options_vertical_align_middle nd_options_text_align_center\">\n                <h3 style=\"color:#fff;font-size:17px;line-height:17px\" class=\"\">Aran\u00e3 e a cacimba<\/h3>\n                <div class=\"nd_options_section nd_options_height_20\"><\/div>\n                <div class=\"nd_options_mpopup_gallery\"><a style=\"font-size:15px;line-height:15px;color:#fff\" class=\" nd_options_outline_0  nd_options_mpopup_gallery\" href=\"https:\/\/projetotupiaba.com.br\/wp-content\/uploads\/2022\/02\/arana?.jpg\"><\/a><\/div>\n            <\/div>   \n        <\/div>   \n    <\/div>\n    <!--end content-->\n\n<\/div>\n\n   [\/vc_column_inner][\/vc_row_inner][vc_row_inner css=&#8221;.vc_custom_1645656703227{padding-top: 3% !important;padding-bottom: 5% !important;}&#8221;][vc_column_inner width=&#8221;1\/3&#8243;]\n\n  <div class=\"  nd_options_section nd_options_position_relative nd_options_fadein_fadeout nd_options_overflow_hidden\">    \n\n    <img decoding=\"async\" alt=\"\" class=\"nd_options_section nd_options_zoom_image\" src=\"https:\/\/projetotupiaba.com.br\/wp-content\/uploads\/2022\/02\/guardio?es2.jpg\">\n\n    <!--filter-->\n    <div class=\"nd_options_fadeout nd_options_bg_greydark_alpha_2_2 nd_options_position_absolute nd_options_height_100_percentage nd_options_width_100_percentage\">  \n    <\/div>\n    <!--end filter-->\n\n    <!--start content-->\n    <div class=\"nd_options_fadein nd_options_bg_greydark_alpha_5 nd_options_position_absolute nd_options_height_100_percentage nd_options_width_100_percentage\">\n        <div class=\"nd_options_position_absolute nd_options_display_table nd_options_height_100_percentage nd_options_width_100_percentage\">\n            <div class=\"nd_options_display_table_cell nd_options_vertical_align_middle nd_options_text_align_center\">\n                <h3 style=\"color:#fff;font-size:17px;line-height:17px\" class=\"\">Guardi\u00f5es e guardi\u00e3s da terra e do c\u00e9u. (Vol.2)<\/h3>\n                <div class=\"nd_options_section nd_options_height_20\"><\/div>\n                <div class=\"nd_options_mpopup_gallery\"><a style=\"font-size:15px;line-height:15px;color:#fff\" class=\" nd_options_outline_0  nd_options_mpopup_gallery\" href=\"https:\/\/projetotupiaba.com.br\/wp-content\/uploads\/2022\/02\/guardio?es2.jpg\"><\/a><\/div>\n            <\/div>   \n        <\/div>   \n    <\/div>\n    <!--end content-->\n\n<\/div>\n\n   [\/vc_column_inner][vc_column_inner width=&#8221;1\/3&#8243;]\n\n  <div class=\"  nd_options_section nd_options_position_relative nd_options_fadein_fadeout nd_options_overflow_hidden\">    \n\n    <img decoding=\"async\" alt=\"\" class=\"nd_options_section nd_options_zoom_image\" src=\"https:\/\/projetotupiaba.com.br\/wp-content\/uploads\/2022\/02\/guardio?es1.jpg\">\n\n    <!--filter-->\n    <div class=\"nd_options_fadeout nd_options_bg_greydark_alpha_2_2 nd_options_position_absolute nd_options_height_100_percentage nd_options_width_100_percentage\">  \n    <\/div>\n    <!--end filter-->\n\n    <!--start content-->\n    <div class=\"nd_options_fadein nd_options_bg_greydark_alpha_5 nd_options_position_absolute nd_options_height_100_percentage nd_options_width_100_percentage\">\n        <div class=\"nd_options_position_absolute nd_options_display_table nd_options_height_100_percentage nd_options_width_100_percentage\">\n            <div class=\"nd_options_display_table_cell nd_options_vertical_align_middle nd_options_text_align_center\">\n                <h3 style=\"color:#fff;font-size:17px;line-height:17px\" class=\"\">Guardi\u00f5es e guardi\u00e3s da terra e do c\u00e9u (Vol. 1)<\/h3>\n                <div class=\"nd_options_section nd_options_height_20\"><\/div>\n                <div class=\"nd_options_mpopup_gallery\"><a style=\"font-size:15px;line-height:15px;color:#fff\" class=\" nd_options_outline_0  nd_options_mpopup_gallery\" href=\"https:\/\/projetotupiaba.com.br\/wp-content\/uploads\/2022\/02\/guardio?es1.jpg\"><\/a><\/div>\n            <\/div>   \n        <\/div>   \n    <\/div>\n    <!--end content-->\n\n<\/div>\n\n   [\/vc_column_inner][vc_column_inner width=&#8221;1\/3&#8243;]\n\n  <div class=\"  nd_options_section nd_options_position_relative nd_options_fadein_fadeout nd_options_overflow_hidden\">    \n\n    <img decoding=\"async\" alt=\"\" class=\"nd_options_section nd_options_zoom_image\" src=\"https:\/\/projetotupiaba.com.br\/wp-content\/uploads\/2022\/02\/kijemi.jpg\">\n\n    <!--filter-->\n    <div class=\"nd_options_fadeout nd_options_bg_greydark_alpha_2_2 nd_options_position_absolute nd_options_height_100_percentage nd_options_width_100_percentage\">  \n    <\/div>\n    <!--end filter-->\n\n    <!--start content-->\n    <div class=\"nd_options_fadein nd_options_bg_greydark_alpha_5 nd_options_position_absolute nd_options_height_100_percentage nd_options_width_100_percentage\">\n        <div class=\"nd_options_position_absolute nd_options_display_table nd_options_height_100_percentage nd_options_width_100_percentage\">\n            <div class=\"nd_options_display_table_cell nd_options_vertical_align_middle nd_options_text_align_center\">\n                <h3 style=\"color:#fff;font-size:17px;line-height:17px\" class=\"\">Voc\u00ea sabe o que \u00e9 Kijemi?<\/h3>\n                <div class=\"nd_options_section nd_options_height_20\"><\/div>\n                <div class=\"nd_options_mpopup_gallery\"><a style=\"font-size:15px;line-height:15px;color:#fff\" class=\" nd_options_outline_0  nd_options_mpopup_gallery\" href=\"https:\/\/projetotupiaba.com.br\/wp-content\/uploads\/2022\/02\/kijemi.jpg\"><\/a><\/div>\n            <\/div>   \n        <\/div>   \n    <\/div>\n    <!--end content-->\n\n<\/div>\n\n   [\/vc_column_inner][\/vc_row_inner][\/vc_column][\/vc_row]<\/p>\n<\/div>","protected":false},"excerpt":{"rendered":"<p>[vc_row full_width=&#8221;stretch_row_content_no_spaces&#8221; full_height=&#8221;yes&#8221; columns_placement=&#8221;top&#8221; css=&#8221;.vc_custom_1649954125772{background-position: center !important;background-repeat: no-repeat !important;background-size: contain !important;}&#8221;][vc_column][vc_row_inner equal_height=&#8221;yes&#8221; content_placement=&#8221;top&#8221; css=&#8221;.vc_custom_1616095365113{padding-right: 10% !important;padding-left: 10% !important;}&#8221;][vc_column_inner css=&#8221;.vc_custom_1616095475263{padding-right: 10% !important;}&#8221;][vc_column_text] O Projeto Tupiab\u00e1 se enraiza e brota em obras liter\u00e1rias. [\/vc_column_text][\/vc_column_inner][\/vc_row_inner][\/vc_column][\/vc_row][vc_row][vc_column width=&#8221;1\/6&#8243;][\/vc_column][vc_column width=&#8221;2\/3&#8243;][vc_video link=&#8221;https:\/\/www.youtube.com\/watch?v=nlpsTJKJzAA&#8221; align=&#8221;center&#8221;][\/vc_column][vc_column width=&#8221;1\/6&#8243;][\/vc_column][\/vc_row][vc_row][vc_column][vc_row_inner][vc_column_inner width=&#8221;1\/3&#8243;][\/vc_column_inner][vc_column_inner width=&#8221;1\/3&#8243;][\/vc_column_inner][vc_column_inner width=&#8221;1\/3&#8243;][\/vc_column_inner][\/vc_row_inner][vc_row_inner css=&#8221;.vc_custom_1645656703227{padding-top: 3% !important;padding-bottom: 5% !important;}&#8221;][vc_column_inner width=&#8221;1\/3&#8243;][\/vc_column_inner][vc_column_inner width=&#8221;1\/3&#8243;][\/vc_column_inner][vc_column_inner width=&#8221;1\/3&#8243;][\/vc_column_inner][\/vc_row_inner][\/vc_column][\/vc_row]<\/p>\n","protected":false},"author":1,"featured_media":0,"parent":0,"menu_order":0,"comment_status":"closed","ping_status":"closed","template":"","meta":{"footnotes":""},"_links":{"self":[{"href":"https:\/\/projetotupiaba.com.br\/index.php?rest_route=\/wp\/v2\/pages\/1638"}],"collection":[{"href":"https:\/\/projetotupiaba.com.br\/index.php?rest_route=\/wp\/v2\/pages"}],"about":[{"href":"https:\/\/projetotupiaba.com.br\/index.php?rest_route=\/wp\/v2\/types\/page"}],"author":[{"embeddable":true,"href":"https:\/\/projetotupiaba.com.br\/index.php?rest_route=\/wp\/v2\/users\/1"}],"replies":[{"embeddable":true,"href":"https:\/\/projetotupiaba.com.br\/index.php?rest_route=%2Fwp%2Fv2%2Fcomments&post=1638"}],"version-history":[{"count":30,"href":"https:\/\/projetotupiaba.com.br\/index.php?rest_route=\/wp\/v2\/pages\/1638\/revisions"}],"predecessor-version":[{"id":2025,"href":"https:\/\/projetotupiaba.com.br\/index.php?rest_route=\/wp\/v2\/pages\/1638\/revisions\/2025"}],"wp:attachment":[{"href":"https:\/\/projetotupiaba.com.br\/index.php?rest_route=%2Fwp%2Fv2%2Fmedia&parent=1638"}],"curies":[{"name":"wp","href":"https:\/\/api.w.org\/{rel}","templated":true}]}}