{"id":439,"date":"2017-04-18T14:52:33","date_gmt":"2017-04-18T14:52:33","guid":{"rendered":"http:\/\/www.nicdarkthemes.com\/themes\/charity\/wp\/demo\/charity-foundation\/?page_id=439"},"modified":"2022-04-14T13:31:13","modified_gmt":"2022-04-14T16:31:13","slug":"quem-somos","status":"publish","type":"page","link":"https:\/\/projetotupiaba.com.br\/?page_id=439","title":{"rendered":"Quem somos"},"content":{"rendered":"<div class=\"wpb-content-wrapper\"><p>[vc_row css=&#8221;.vc_custom_1645108497588{padding-top: 10% !important;}&#8221;][vc_column][vc_row_inner][vc_column_inner width=&#8221;1\/3&#8243;] <h2 style=\"color:#4f3523;padding:px;text-align:;font-size:42px;line-height:52px;letter-spacing: px;font-weight:bold\" class=\"    \">Nossas Origens<\/h2> [\/vc_column_inner][vc_column_inner width=&#8221;2\/3&#8243;][\/vc_column_inner][\/vc_row_inner][\/vc_column][\/vc_row][vc_row css=&#8221;.vc_custom_1585875806641{margin-top: 70px !important;}&#8221;][vc_column css=&#8221;.vc_custom_1485861692786{padding-top: 10px !important;padding-right: 30px !important;padding-bottom: 10px !important;padding-left: 30px !important;}&#8221;][vc_row_inner][vc_column_inner el_class=&#8221;nd_options_padding_20_first_div_important_responsive&#8221; css=&#8221;.vc_custom_1485861394451{padding-top: 40px !important;padding-right: 40px !important;padding-bottom: 40px !important;padding-left: 40px !important;background-color: #ffffff !important;}&#8221;]<div style=\"background-color:;height: 10px\" class=\"nicdark_section  \"><\/div> <h1 style=\"color:#4f3523;padding:px;text-align:;font-size:26px;line-height:36px;letter-spacing: px;font-weight:lighter\" class=\"   nd_options_first_font \">Somos um grupo de professores pesquisadores e atuamos em escolas ind\u00edgenas, quilombolas e ribeirinhas. Os etnosaberes destes territ\u00f3rios s\u00e3o flechas de conhecimentos que transformam os paradigmas dos conhecimentos cient\u00edficos academicistas engessados ao cartesianismo.<\/h1>  <h1 style=\"color:#ae512c;padding:px;text-align:;font-size:26px;line-height:36px;letter-spacing: px;font-weight:lighter\" class=\"   nd_options_first_font \">A escuta sens\u00edvel \u00e0s hist\u00f3rias destas diferentes popula\u00e7\u00f5es nos nutre de m\u00faltiplas aprendizagens constituindo sentimentos de perten\u00e7as \u00e0s identidades em sentido de alteridades.<\/h1>  <h1 style=\"color:#dfa24b;padding:px;text-align:;font-size:26px;line-height:36px;letter-spacing: px;font-weight:lighter\" class=\"   nd_options_first_font \">A partir destas colheitas, nestas \u201c\u00e1rvores da vida\u201d, nos lan\u00e7amos ao desafio de unir projetos com diferentes potenciais de origens destas comunidades e constru\u00edmos a narrativa Tupiab\u00e1, inspirada nos projetos de origens nativas<\/h1> [\/vc_column_inner][\/vc_row_inner][\/vc_column][\/vc_row][vc_row full_width=&#8221;stretch_row_content_no_spaces&#8221; equal_height=&#8221;yes&#8221; content_placement=&#8221;middle&#8221;][vc_column width=&#8221;1\/2&#8243; css=&#8221;.vc_custom_1644003964748{margin-bottom: -10px !important;}&#8221;]\n    <div style=\"text-align:left\" class=\"nd_options_section\">\n      <img decoding=\"async\" alt=\"\" style=\"width:729\" class=\" nd_options_margin_0 nd_options_padding_0 \" src=\"https:\/\/projetotupiaba.com.br\/wp-content\/uploads\/2022\/02\/Marina-Miranda-foto-Alex-Gouvea-08-copy.jpg\">\n    <\/div>\n   [\/vc_column][vc_column width=&#8221;1\/2&#8243; css=&#8221;.vc_custom_1644003949311{padding-right: 5% !important;padding-left: 5% !important;background-color: #952b2e !important;}&#8221;] <h3 style=\"color:#e3d2b7;padding:px;text-align:;font-size:20px;line-height:30px;letter-spacing: px;font-weight:bold\" class=\"   nd_options_first_font \">Marina Miranda - Fundadora<\/h3>  <h3 style=\"color:#e3d2b7;padding:px;text-align:;font-size:14px;line-height:24px;letter-spacing: px;font-weight:normal\" class=\"   nd_options_first_font \">Professora da Universidade Federal do Esp\u00edrito Santo; l\u00edder do N\u00facleo de Pesquisa, Ensino e Extens\u00e3o em Experi\u00eancia do Sens\u00edvel (Nupeees). Atua na P\u00f3s-Gradua\u00e7\u00e3o em Agroecologia e Educa\u00e7\u00e3o do Campo orientando estudos e pesquisas (ind\u00edgenas, quilombolas, ribeirinhos) em di\u00e1logos com escolas de territ\u00f3rios. Escritora de Literatura Ind\u00edgena.<\/h3> [vc_column_text]<a href=\"http:\/\/lattes.cnpq.br\/4087302830515226\">Lattes<\/a>[\/vc_column_text][\/vc_column][\/vc_row][vc_row content_placement=&#8221;top&#8221; css=&#8221;.vc_custom_1644266885989{padding-top: 10% !important;padding-bottom: 3% !important;background-position: center !important;background-repeat: no-repeat !important;background-size: contain !important;}&#8221;][vc_column][vc_row_inner content_placement=&#8221;top&#8221; css=&#8221;.vc_custom_1644265945929{background-position: center !important;background-repeat: no-repeat !important;background-size: cover !important;}&#8221;][vc_column_inner width=&#8221;1\/2&#8243; css=&#8221;.vc_custom_1644265809499{padding-right: 5% !important;padding-left: 5% !important;}&#8221;] <h3 style=\"color:#4f3523;padding:px;text-align:;font-size:42px;line-height:40px;letter-spacing: px;font-weight:bold\" class=\"   nd_options_first_font \">Corpo Docente<\/h3> [vc_column_text css=&#8221;.vc_custom_1649953714060{padding-top: 3% !important;}&#8221;]Ang\u00e9lica Vago \u2013 Universidade Federal do Esp\u00edrito Santo<br \/>\nCeleste Ciccarone \u2013 Universidade Federal do Esp\u00edrito Santo<br \/>\nDalva Patax\u00f3 \u2013 Aldeia P\u00e9 do Monte<br \/>\nDamian Sanchez \u2013 Universidade Federal do Esp\u00edrito Santo (CEUNES\/S\u00e3o Mateus)<br \/>\nF\u00e1bio Guss Strelhow \u2013 Prefeitura Municipal de Cariacica<br \/>\nFernanda Camargo \u2013 Universidade Federal do Esp\u00edrito Santo<br \/>\nGerda Foerste \u2013 Universidade Federal do Esp\u00edrito Santo<br \/>\nJana\u00edna Patax\u00f3 \u2013 Aldeia Pau Brasil<br \/>\nKaren Santana de Almeida Vieira \u2013 Universidade de Bras\u00edlia<br \/>\nLeonardo Tupiniquim \u2013\u00a0 Aldeia Caieiras<br \/>\nLuzia Florencio\u00a0 \u2013 Aldeia Comboios<br \/>\nMarli Vieira \u2013 Aldeia Iraj\u00e1<br \/>\nMaria da Penha Rodrigues de Assis \u2013 Prefeitura Municipal da Serra<br \/>\nM\u00e1rcia Ara\u00fajo Souza Beloti \u2013 Prefeitura Municipal da Serra<br \/>\nMartan\u00e9zia R. Paganini \u2013 Prefeitura Municipal de Vila Velha<br \/>\nNadia Juliana Rodrigues Serafim \u2013 Prefeitura Municipal da Serra<br \/>\nRafaella Le\u00e3o \u2013 Universidade Federal do Par\u00e1 (Campus Altamira)<br \/>\nRenata Louren\u00e7o \u2013 Universidade do Estado da Bahia (Seabra)<br \/>\nRenata Rosa Weixter \u2013 Prefeitura Municipal de Viana<br \/>\nRoni Patax\u00f3 \u2013 Aldeia Trevo do Parque[\/vc_column_text][\/vc_column_inner][vc_column_inner width=&#8221;1\/2&#8243; css=&#8221;.vc_custom_1644265815652{padding-right: 5% !important;padding-left: 5% !important;}&#8221;] <h3 style=\"color:#4f3523;padding:px;text-align:;font-size:42px;line-height:40px;letter-spacing: px;font-weight:bold\" class=\"   nd_options_first_font \">Aldeias<\/h3> [vc_column_text css=&#8221;.vc_custom_1649948031502{padding-top: 3% !important;}&#8221;]Pau Brasil &#8211; Aracruz (ES)<br \/>\nPiraquea\u00e7u &#8211; Aracruz (ES)<br \/>\nCaieiras &#8211; Aracruz (ES)<br \/>\nTr\u00eas Palmeiras &#8211; Aracruz (ES)<br \/>\nP\u00e9 do Monte &#8211; Porto Seguro (BA)<br \/>\nTrevo do Parque &#8211; Porto Seguro (BA)[\/vc_column_text][\/vc_column_inner][\/vc_row_inner][\/vc_column][\/vc_row][vc_row][vc_column][vc_masonry_media_grid grid_id=&#8221;vc_gid:1649953288040-2e6db06e-57da-1&#8243; include=&#8221;1828,1827,1826,1819,1724,1822,1263&#8243;][\/vc_column][\/vc_row][vc_row full_width=&#8221;stretch_row_content_no_spaces&#8221; content_placement=&#8221;bottom&#8221;][vc_column][vc_single_image image=&#8221;1751&#8243; img_size=&#8221;1920&#215;500&#8243;][\/vc_column][\/vc_row]<\/p>\n<\/div>","protected":false},"excerpt":{"rendered":"<p>[vc_row css=&#8221;.vc_custom_1645108497588{padding-top: 10% !important;}&#8221;][vc_column][vc_row_inner][vc_column_inner width=&#8221;1\/3&#8243;][\/vc_column_inner][vc_column_inner width=&#8221;2\/3&#8243;][\/vc_column_inner][\/vc_row_inner][\/vc_column][\/vc_row][vc_row css=&#8221;.vc_custom_1585875806641{margin-top: 70px !important;}&#8221;][vc_column css=&#8221;.vc_custom_1485861692786{padding-top: 10px !important;padding-right: 30px !important;padding-bottom: 10px !important;padding-left: 30px !important;}&#8221;][vc_row_inner][vc_column_inner el_class=&#8221;nd_options_padding_20_first_div_important_responsive&#8221; css=&#8221;.vc_custom_1485861394451{padding-top: 40px !important;padding-right: 40px !important;padding-bottom: 40px !important;padding-left: 40px !important;background-color: #ffffff !important;}&#8221;][\/vc_column_inner][\/vc_row_inner][\/vc_column][\/vc_row][vc_row full_width=&#8221;stretch_row_content_no_spaces&#8221; equal_height=&#8221;yes&#8221; content_placement=&#8221;middle&#8221;][vc_column width=&#8221;1\/2&#8243; css=&#8221;.vc_custom_1644003964748{margin-bottom: -10px !important;}&#8221;][\/vc_column][vc_column width=&#8221;1\/2&#8243; css=&#8221;.vc_custom_1644003949311{padding-right: 5% !important;padding-left: 5% !important;background-color: #952b2e !important;}&#8221;][vc_column_text]Lattes[\/vc_column_text][\/vc_column][\/vc_row][vc_row content_placement=&#8221;top&#8221; css=&#8221;.vc_custom_1644266885989{padding-top: 10% !important;padding-bottom: 3% !important;background-position: center !important;background-repeat: no-repeat !important;background-size: [&hellip;]<\/p>\n","protected":false},"author":1,"featured_media":0,"parent":0,"menu_order":0,"comment_status":"closed","ping_status":"closed","template":"","meta":{"footnotes":""},"_links":{"self":[{"href":"https:\/\/projetotupiaba.com.br\/index.php?rest_route=\/wp\/v2\/pages\/439"}],"collection":[{"href":"https:\/\/projetotupiaba.com.br\/index.php?rest_route=\/wp\/v2\/pages"}],"about":[{"href":"https:\/\/projetotupiaba.com.br\/index.php?rest_route=\/wp\/v2\/types\/page"}],"author":[{"embeddable":true,"href":"https:\/\/projetotupiaba.com.br\/index.php?rest_route=\/wp\/v2\/users\/1"}],"replies":[{"embeddable":true,"href":"https:\/\/projetotupiaba.com.br\/index.php?rest_route=%2Fwp%2Fv2%2Fcomments&post=439"}],"version-history":[{"count":203,"href":"https:\/\/projetotupiaba.com.br\/index.php?rest_route=\/wp\/v2\/pages\/439\/revisions"}],"predecessor-version":[{"id":1987,"href":"https:\/\/projetotupiaba.com.br\/index.php?rest_route=\/wp\/v2\/pages\/439\/revisions\/1987"}],"wp:attachment":[{"href":"https:\/\/projetotupiaba.com.br\/index.php?rest_route=%2Fwp%2Fv2%2Fmedia&parent=439"}],"curies":[{"name":"wp","href":"https:\/\/api.w.org\/{rel}","templated":true}]}}