{"id":590,"date":"2017-04-20T09:12:44","date_gmt":"2017-04-20T09:12:44","guid":{"rendered":"http:\/\/www.nicdarkthemes.com\/themes\/charity\/wp\/demo\/charity-foundation\/?page_id=590"},"modified":"2022-04-14T13:39:25","modified_gmt":"2022-04-14T16:39:25","slug":"home-3","status":"publish","type":"page","link":"https:\/\/projetotupiaba.com.br\/","title":{"rendered":"P\u00e1gina Inicial"},"content":{"rendered":"<div class=\"wpb-content-wrapper\"><p>[vc_row][vc_column][rev_slider_vc alias=&#8221;slide-3&#8243;][\/vc_column][\/vc_row][vc_row full_width=&#8221;stretch_row_content_no_spaces&#8221; full_height=&#8221;yes&#8221; equal_height=&#8221;yes&#8221; content_placement=&#8221;middle&#8221; css=&#8221;.vc_custom_1587271199547{padding-right: 10% !important;padding-left: 10% !important;background-position: center !important;background-repeat: no-repeat !important;background-size: cover !important;}&#8221;][vc_column css=&#8221;.vc_custom_1587270987506{padding-top: 30px !important;padding-right: 30px !important;padding-bottom: 15px !important;padding-left: 30px !important;}&#8221;] <h2 style=\"color:#4f3523;padding:px;text-align:center;font-size:26px;line-height:40px;letter-spacing: px;font-weight:lighter\" class=\"   nd_options_first_font \">O projeto Tupiab\u00e1 valoriza os patrim\u00f4nios ancestrais memor\u00e1veis dos povos origin\u00e1rios e comunidades tradicionais, promovendo interlocu\u00e7\u00f5es com mestres e mestras dos saberes nos diferentes espa\u00e7os dos seus territ\u00f3rios. Nossa proposta \u00e9 conhecer as diferentes cosmologias destes povos, compondo coletivos de estudos que t\u00eam como pauta a literatura ind\u00edgena e afrodescendente para produzir projetos com metodologias decoloniais.<\/h2> [\/vc_column][\/vc_row][vc_row full_width=&#8221;stretch_row_content_no_spaces&#8221;][vc_column][vc_video link=&#8221;https:\/\/youtu.be\/nlpsTJKJzAA&#8221;][vc_row_inner css=&#8221;.vc_custom_1587345065522{padding-right: 10% !important;padding-left: 10% !important;}&#8221;][vc_column_inner][vc_column_text]Filmagem e edi\u00e7\u00e3o: <strong>Vitor Junquilho<\/strong>[\/vc_column_text][\/vc_column_inner][\/vc_row_inner][\/vc_column][\/vc_row][vc_row css=&#8221;.vc_custom_1645643031727{padding-top: 10% !important;}&#8221;][vc_column width=&#8221;1\/4&#8243;][\/vc_column][vc_column width=&#8221;1\/2&#8243;] <h2 style=\"color:#ae2c2c;padding:px;text-align:center;font-size:42px;line-height:42px;letter-spacing: px;font-weight:bold\" class=\"    \">Tupiab\u00e1 em foco<\/h2> [\/vc_column][vc_column width=&#8221;1\/4&#8243;][\/vc_column][\/vc_row][vc_row css=&#8221;.vc_custom_1587270409569{padding-top: 10% !important;}&#8221;][vc_column][vc_row_inner][vc_column_inner width=&#8221;1\/4&#8243;][vc_single_image image=&#8221;1920&#8243; img_size=&#8221;full&#8221; onclick=&#8221;custom_link&#8221; img_link_target=&#8221;_blank&#8221; link=&#8221;http:\/\/https:\/\/www.agazeta.com.br\/hz\/cultura\/livros-indigenas-produzidos-por-professora-do-es-ganham-destaque-na-flip-1121?utm_medium=share-site&amp;utm_source=whatsapp&#8221;][\/vc_column_inner][vc_column_inner width=&#8221;1\/4&#8243;][vc_single_image image=&#8221;1922&#8243; img_size=&#8221;full&#8221; onclick=&#8221;custom_link&#8221; img_link_target=&#8221;_blank&#8221; link=&#8221;https:\/\/www.ufes.br\/conteudo\/projeto-tupiaba-inicia-nova-etapa-com-criancas-e-adolescentes-quilombolas-pomeranos-e&#8221;][\/vc_column_inner][vc_column_inner width=&#8221;1\/4&#8243;][vc_single_image image=&#8221;1923&#8243; img_size=&#8221;full&#8221; onclick=&#8221;custom_link&#8221; img_link_target=&#8221;_blank&#8221; link=&#8221;https:\/\/www.extensaoemrede.com\/post\/cartas-dos-as-guardi%C3%B5es-%C3%A3s-da-terra-e-do-c%C3%A9u&#8221;][\/vc_column_inner][vc_column_inner width=&#8221;1\/4&#8243;][vc_single_image image=&#8221;1924&#8243; img_size=&#8221;full&#8221; onclick=&#8221;custom_link&#8221; img_link_target=&#8221;_blank&#8221; link=&#8221;https:\/\/www.seculodiario.com.br\/cultura\/cartas-para-adiar-o-fim-do-mundo&#8221;][\/vc_column_inner][\/vc_row_inner][vc_row_inner][vc_column_inner width=&#8221;1\/4&#8243;][vc_single_image image=&#8221;1925&#8243; img_size=&#8221;full&#8221; onclick=&#8221;custom_link&#8221; img_link_target=&#8221;_blank&#8221; link=&#8221;http:\/\/www.redemacuco.com.br\/2020\/08\/17\/vamos-escrever-para-criancas-e-adolescentes-quilombolas-pomeranas-e-italianas-do-espirito-santo\/&#8221;][\/vc_column_inner][vc_column_inner width=&#8221;1\/4&#8243;][vc_single_image image=&#8221;1927&#8243; img_size=&#8221;full&#8221; onclick=&#8221;custom_link&#8221; img_link_target=&#8221;_blank&#8221; link=&#8221;http:\/\/www.elorejiverde.com\/toda-la-tierra-es-una-sola-alma\/6281-proyecto-tupiaba-sentidos-y-experiencias-de-pueblos-originarios&#8221;][\/vc_column_inner][vc_column_inner width=&#8221;1\/4&#8243;][vc_single_image image=&#8221;1928&#8243; img_size=&#8221;full&#8221; onclick=&#8221;custom_link&#8221; img_link_target=&#8221;_blank&#8221; link=&#8221;https:\/\/www.pressenza.com\/pt-pt\/2021\/12\/projeto-tupiaba-sentidos-e-experiencias-dos-povos-originarios\/&#8221;][\/vc_column_inner][vc_column_inner width=&#8221;1\/4&#8243;][vc_single_image image=&#8221;1926&#8243; img_size=&#8221;full&#8221; onclick=&#8221;custom_link&#8221; img_link_target=&#8221;_blank&#8221; link=&#8221;https:\/\/www.ufes.br\/conteudo\/professora-da-ufes-falara-sobre-obras-infantis-com-tematicas-indigenas-na-flipinha&#8221;][\/vc_column_inner][\/vc_row_inner][\/vc_column][\/vc_row][vc_row full_width=&#8221;stretch_row&#8221; parallax=&#8221;content-moving&#8221; parallax_image=&#8221;1278&#8243; css=&#8221;.vc_custom_1585922570440{margin-top: 70px !important;padding-top: 100px !important;padding-bottom: 200px !important;}&#8221; el_class=&#8221;nd_options_vc_parallax_filter_1_3&#8243;][vc_column] <h1 style=\"color:#ffffff;padding:px;text-align:center;font-size:50px;line-height:50px;letter-spacing: px;font-weight:normal\" class=\"   nd_options_first_font \">Participe<\/h1> <div style=\"background-color:;height: 30px\" class=\"nicdark_section  \"><\/div> <p style=\"color:#ffffff;padding:px;text-align:center;font-size:20px;line-height:25px;letter-spacing: 3px;font-weight:lighter\" class=\"   nd_options_second_font \">MANDE SEU PROJETO E FA\u00c7A PARTE DESSA CONTRU\u00c7\u00c3O COLETIVA<\/p> <div style=\"background-color:;height: 30px\" class=\"nicdark_section  \"><\/div>\n\t<div class=\"nd_options_section nd_options_text_align_center\">\n\t<a style=\"border: px solid;border-radius:30px;letter-spacing:px;line-height:16px;font-size:16px;background-color:#4f3523;padding:15px 25px;margin:;color:#ffffff\" rel=\"\" target=\"_blank\" href=\"http:\/\/projetotupiaba.com.br\/index.php\/contato\/\" class=\"nicdark_display_inline_block   nd_options_first_font  \">CONTATO<\/a>\n\t<\/div>\n[\/vc_column][\/vc_row][vc_row full_width=&#8221;stretch_row_content_no_spaces&#8221; content_placement=&#8221;bottom&#8221; css=&#8221;.vc_custom_1649952817538{background-color: #ae2c2c !important;}&#8221;][vc_column width=&#8221;1\/6&#8243;][\/vc_column][vc_column width=&#8221;2\/3&#8243;][vc_single_image image=&#8221;2026&#8243; img_size=&#8221;full&#8221; alignment=&#8221;center&#8221;][\/vc_column][vc_column width=&#8221;1\/6&#8243;][\/vc_column][\/vc_row]<\/p>\n<\/div>","protected":false},"excerpt":{"rendered":"<p>[vc_row][vc_column][rev_slider_vc alias=&#8221;slide-3&#8243;][\/vc_column][\/vc_row][vc_row full_width=&#8221;stretch_row_content_no_spaces&#8221; full_height=&#8221;yes&#8221; equal_height=&#8221;yes&#8221; content_placement=&#8221;middle&#8221; css=&#8221;.vc_custom_1587271199547{padding-right: 10% !important;padding-left: 10% !important;background-position: center !important;background-repeat: no-repeat !important;background-size: cover !important;}&#8221;][vc_column css=&#8221;.vc_custom_1587270987506{padding-top: 30px !important;padding-right: 30px !important;padding-bottom: 15px !important;padding-left: 30px !important;}&#8221;][\/vc_column][\/vc_row][vc_row full_width=&#8221;stretch_row_content_no_spaces&#8221;][vc_column][vc_video link=&#8221;https:\/\/youtu.be\/nlpsTJKJzAA&#8221;][vc_row_inner css=&#8221;.vc_custom_1587345065522{padding-right: 10% !important;padding-left: 10% !important;}&#8221;][vc_column_inner][vc_column_text]Filmagem e edi\u00e7\u00e3o: Vitor Junquilho[\/vc_column_text][\/vc_column_inner][\/vc_row_inner][\/vc_column][\/vc_row][vc_row css=&#8221;.vc_custom_1645643031727{padding-top: 10% !important;}&#8221;][vc_column width=&#8221;1\/4&#8243;][\/vc_column][vc_column width=&#8221;1\/2&#8243;][\/vc_column][vc_column width=&#8221;1\/4&#8243;][\/vc_column][\/vc_row][vc_row css=&#8221;.vc_custom_1587270409569{padding-top: 10% !important;}&#8221;][vc_column][vc_row_inner][vc_column_inner width=&#8221;1\/4&#8243;][vc_single_image image=&#8221;1920&#8243; img_size=&#8221;full&#8221; onclick=&#8221;custom_link&#8221; img_link_target=&#8221;_blank&#8221; link=&#8221;http:\/\/https:\/\/www.agazeta.com.br\/hz\/cultura\/livros-indigenas-produzidos-por-professora-do-es-ganham-destaque-na-flip-1121?utm_medium=share-site&amp;utm_source=whatsapp&#8221;][\/vc_column_inner][vc_column_inner width=&#8221;1\/4&#8243;][vc_single_image image=&#8221;1922&#8243; img_size=&#8221;full&#8221; [&hellip;]<\/p>\n","protected":false},"author":1,"featured_media":0,"parent":0,"menu_order":0,"comment_status":"closed","ping_status":"closed","template":"","meta":{"footnotes":""},"_links":{"self":[{"href":"https:\/\/projetotupiaba.com.br\/index.php?rest_route=\/wp\/v2\/pages\/590"}],"collection":[{"href":"https:\/\/projetotupiaba.com.br\/index.php?rest_route=\/wp\/v2\/pages"}],"about":[{"href":"https:\/\/projetotupiaba.com.br\/index.php?rest_route=\/wp\/v2\/types\/page"}],"author":[{"embeddable":true,"href":"https:\/\/projetotupiaba.com.br\/index.php?rest_route=\/wp\/v2\/users\/1"}],"replies":[{"embeddable":true,"href":"https:\/\/projetotupiaba.com.br\/index.php?rest_route=%2Fwp%2Fv2%2Fcomments&post=590"}],"version-history":[{"count":82,"href":"https:\/\/projetotupiaba.com.br\/index.php?rest_route=\/wp\/v2\/pages\/590\/revisions"}],"predecessor-version":[{"id":2028,"href":"https:\/\/projetotupiaba.com.br\/index.php?rest_route=\/wp\/v2\/pages\/590\/revisions\/2028"}],"wp:attachment":[{"href":"https:\/\/projetotupiaba.com.br\/index.php?rest_route=%2Fwp%2Fv2%2Fmedia&parent=590"}],"curies":[{"name":"wp","href":"https:\/\/api.w.org\/{rel}","templated":true}]}}